{"id":1888,"date":"2019-04-17T10:31:13","date_gmt":"2019-04-17T10:31:13","guid":{"rendered":"https:\/\/www.donesbicibles.com\/politica-de-privacidad\/"},"modified":"2019-05-10T10:31:55","modified_gmt":"2019-05-10T10:31:55","slug":"politica-de-privacitat","status":"publish","type":"page","link":"https:\/\/www.donesbicibles.com\/ca\/politica-de-privacitat\/","title":{"rendered":"Pol\u00edtica de privacitat"},"content":{"rendered":"<p>{&#8220;main-title&#8221;:{&#8220;component&#8221;:&#8221;hc_title&#8221;,&#8221;id&#8221;:&#8221;main-title&#8221;,&#8221;subtitle&#8221;:&#8221;&#8221;,&#8221;title_content&#8221;:{&#8220;component&#8221;:&#8221;hc_title_base&#8221;,&#8221;id&#8221;:&#8221;title-base&#8221;,&#8221;image&#8221;:&#8221;&#8221;,&#8221;breadcrumbs&#8221;:true,&#8221;white&#8221;:true},&#8221;title&#8221;:&#8221;Pol\u00edtica de privacitat&#8221;},&#8221;section_5ZtkF&#8221;:{&#8220;component&#8221;:&#8221;hc_section&#8221;,&#8221;id&#8221;:&#8221;section_5ZtkF&#8221;,&#8221;section_width&#8221;:&#8221;&#8221;,&#8221;animation&#8221;:&#8221;&#8221;,&#8221;animation_time&#8221;:&#8221;&#8221;,&#8221;timeline_animation&#8221;:&#8221;&#8221;,&#8221;timeline_delay&#8221;:&#8221;&#8221;,&#8221;timeline_order&#8221;:&#8221;&#8221;,&#8221;vertical_row&#8221;:&#8221;&#8221;,&#8221;box_middle&#8221;:&#8221;&#8221;,&#8221;css_classes&#8221;:&#8221;&#8221;,&#8221;custom_css_classes&#8221;:&#8221;&#8221;,&#8221;custom_css_styles&#8221;:&#8221;&#8221;,&#8221;section_content&#8221;:[{&#8220;component&#8221;:&#8221;hc_column&#8221;,&#8221;id&#8221;:&#8221;column_ZoKwM&#8221;,&#8221;column_width&#8221;:&#8221;col-md-12&#8243;,&#8221;animation&#8221;:&#8221;&#8221;,&#8221;animation_time&#8221;:&#8221;&#8221;,&#8221;timeline_animation&#8221;:&#8221;&#8221;,&#8221;timeline_delay&#8221;:&#8221;&#8221;,&#8221;timeline_order&#8221;:&#8221;&#8221;,&#8221;css_classes&#8221;:&#8221;&#8221;,&#8221;custom_css_classes&#8221;:&#8221;&#8221;,&#8221;custom_css_styles&#8221;:&#8221;&#8221;,&#8221;main_content&#8221;:[{&#8220;component&#8221;:&#8221;hc_wp_editor&#8221;,&#8221;id&#8221;:&#8221;NDfob&#8221;,&#8221;css_classes&#8221;:&#8221;&#8221;,&#8221;custom_css_classes&#8221;:&#8221;&#8221;,&#8221;custom_css_styles&#8221;:&#8221;&#8221;,&#8221;editor_content&#8221;:&#8221;CLUB CICLISTA DONES BICIBLES, amb adre\u00e7a social en l&#8217;Av. Sant Blai, n\u00ba 9 de Bocairent prov\u00edncia de Val\u00e8ncia. Inscrita en el registre d&#8217;entitats esportives de la Comunitat Valenciana amb n\u00famero 10130 secci\u00f3 01 i amb llic\u00e8ncia G98891781, afavorida per la RFEC i la FCCV.\\n\\nLa privadesa \u00e9s de gran import\u00e0ncia per a CLUB CICLISTA DONES BICIBLES i volem mantenir una actitud oberta i transparent en tractar les seues dades personals. Per tant, disposem d&#8217;una pol\u00edtica que estableix com es tracten i protegeixen les seues dades personals.\\n<\/p>\n<h3>Qui \u00e9s el responsable del tractament de les seues dades?<\/h3>\n<p>\\nCLUB CICLISTA DONES BICIBLES | CIF: G98891781\\nDir.Postal: BOCAIRENT (Val\u00e8ncia), C.P. 46880, Av. Sant Blai, n\u00ba 9\\nE-mail: <a href=\\\"mailto:info@donesbicibles.com\\\">info@donesbicibles.com<\/a>\\n<\/p>\n<h3>Amb quina finalitat tractem les seues dades personals?<\/h3>\n<p>\\nEn CLUB CICLISTA DONES BICIBLES tractem la informaci\u00f3 que ens faciliten les persones interessades amb la finalitat de realitzar la gesti\u00f3 de la inscripci\u00f3 realitzada en la prova ciclista que organitza el club, aix\u00ed com respondre a les peticions d&#8217;informaci\u00f3, a trav\u00e9s del formulari de contacte.\\n<\/p>\n<h3>Per quant temps conservarem les seues dades?<\/h3>\n<p>\\nLes dades es conservaran mentre es mantinga la relaci\u00f3 amb el club, i si escau, durant els anys necessaris per a complir amb les obligacions legals que resulte d&#8217;aplicaci\u00f3.\\n<\/p>\n<h3>Quin \u00e9s la legitimaci\u00f3 per al tractament de les seues dades?<\/h3>\n<p>\\nLi indiquem la base legal per al tractament de les seues dades:\\n- Consentiment de la interessada: Enviament d&#8217;informaci\u00f3 sobre la prova en la qual s&#8217;ha inscrit.\\n<\/p>\n<h3>A quins destinataris es comunicaran les seues dades?<\/h3>\n<p>\\nNo se cediran en cap cas les seues dades a tercers.\\n<\/p>\n<h3>Quins s\u00f3n els seus drets quan ens facilita les seues dades?<\/h3>\n<p>\\nQualsevol persona t\u00e9 dret a obtenir confirmaci\u00f3 sobre si en CLUB CICLISTA DONES BICIBLES estem tractant dades personals que els concernisquen, o no. Les persones interessades tenen dret a accedir a les seues dades personals, aix\u00ed com a sol\u00b7licitar la rectificaci\u00f3 de les dades inexactes o, si escau, sol\u00b7licitar la seua supressi\u00f3 quan, entre altres motius, les dades ja no siga necessaris per a les finalitats que van ser arreplegats. En determinades circumst\u00e0ncies, els interessats podran sol\u00b7licitar la limitaci\u00f3 del tractament de les seues dades, en aquest cas \u00fanicament els conservarem per a l&#8217;exercici o la defensa de reclamacions.\\n\\nEn determinades circumst\u00e0ncies i per motius relacionats amb la seua situaci\u00f3 particular, els interessats podran oposar-se al tractament de les seues dades. En aquest cas, CLUB CICLISTA DONES BICIBLES deixar\u00e0 de tractar les dades, salve per motius leg\u00edtims imperiosos, o l&#8217;exercici o la defensa de possibles reclamacions.\\nPodr\u00e0 exercitar materialment els seus drets de la seg\u00fcent forma: dirigint-se a l&#8217;adre\u00e7a de correu electr\u00f2nic del responsable del tractament ressenyat anteriorment adjuntant c\u00f2pia del seu DNI o document d&#8217;identitat.\\n\\nSi ha atorgat el seu consentiment per a alguna finalitat concreta, t\u00e9 dret a retirar el consentiment atorgat en qualsevol moment, sense que a\u00e7\u00f2 afecte a la licitud del tractament basat en el consentiment previ a la seua retirada.\\n\\nEn cas que senta vulnerats els seus drets pel que concerneix la protecci\u00f3 de les seues dades personals, especialment quan no haja obtingut satisfacci\u00f3 en l&#8217;exercici dels seus drets, pot presentar una reclamaci\u00f3 davant l&#8217;Autoritat de Control en mat\u00e8ria de Protecci\u00f3 de Dades competent.\\n<\/p>\n<h3>Com hem obtingut les seues dades?<\/h3>\n<p>\\nLes dades personals que tractem en CLUB CICLISTA DONES BICIBLES han sigut directament proporcionats per la interessada a trav\u00e9s del formulari d&#8217;inscripci\u00f3 o el de contacte.\\nLes categories de dades que es tracten s\u00f3n:\\n- Dades identificatives\\n- Adreces postals i electr\u00f2niques\\n\\nNo s&#8217;arrepleguen en cap cas dades banc\u00e0ries, ja que el tr\u00e0mit del pagament per TPV Virtual ho realitza l&#8217;entitat banc\u00e0ria.\\n\\n&nbsp;&#8220;}]}],&#8221;section_settings&#8221;:&#8221;&#8221;},&#8221;scripts&#8221;:{},&#8221;css&#8221;:{},&#8221;css_page&#8221;:&#8221;&#8221;,&#8221;template_setting&#8221;:{&#8220;settings&#8221;:{&#8220;id&#8221;:&#8221;settings&#8221;}},&#8221;template_setting_top&#8221;:{},&#8221;page_setting&#8221;:{&#8220;settings&#8221;:[&#8220;lock-mode-off&#8221;]}}<\/p>\n","protected":false},"excerpt":{"rendered":"<p>{&#8220;main-title&#8221;:{&#8220;component&#8221;:&#8221;hc_title&#8221;,&#8221;id&#8221;:&#8221;main-title&#8221;,&#8221;subtitle&#8221;:&#8221;&#8221;,&#8221;title_content&#8221;:{&#8220;component&#8221;:&#8221;hc_title_base&#8221;,&#8221;id&#8221;:&#8221;title-base&#8221;,&#8221;image&#8221;:&#8221;&#8221;,&#8221;breadcrumbs&#8221;:true,&#8221;white&#8221;:true},&#8221;title&#8221;:&#8221;Pol\u00edtica de privacitat&#8221;},&#8221;section_5ZtkF&#8221;:{&#8220;component&#8221;:&#8221;hc_section&#8221;,&#8221;id&#8221;:&#8221;section_5ZtkF&#8221;,&#8221;section_width&#8221;:&#8221;&#8221;,&#8221;animation&#8221;:&#8221;&#8221;,&#8221;animation_time&#8221;:&#8221;&#8221;,&#8221;timeline_animation&#8221;:&#8221;&#8221;,&#8221;timeline_delay&#8221;:&#8221;&#8221;,&#8221;timeline_order&#8221;:&#8221;&#8221;,&#8221;vertical_row&#8221;:&#8221;&#8221;,&#8221;box_middle&#8221;:&#8221;&#8221;,&#8221;css_classes&#8221;:&#8221;&#8221;,&#8221;custom_css_classes&#8221;:&#8221;&#8221;,&#8221;custom_css_styles&#8221;:&#8221;&#8221;,&#8221;section_content&#8221;:[{&#8220;component&#8221;:&#8221;hc_column&#8221;,&#8221;id&#8221;:&#8221;column_ZoKwM&#8221;,&#8221;column_width&#8221;:&#8221;col-md-12&#8243;,&#8221;animation&#8221;:&#8221;&#8221;,&#8221;animation_time&#8221;:&#8221;&#8221;,&#8221;timeline_animation&#8221;:&#8221;&#8221;,&#8221;timeline_delay&#8221;:&#8221;&#8221;,&#8221;timeline_order&#8221;:&#8221;&#8221;,&#8221;css_classes&#8221;:&#8221;&#8221;,&#8221;custom_css_classes&#8221;:&#8221;&#8221;,&#8221;custom_css_styles&#8221;:&#8221;&#8221;,&#8221;main_content&#8221;:[{&#8220;component&#8221;:&#8221;hc_wp_editor&#8221;,&#8221;id&#8221;:&#8221;NDfob&#8221;,&#8221;css_classes&#8221;:&#8221;&#8221;,&#8221;custom_css_classes&#8221;:&#8221;&#8221;,&#8221;custom_css_styles&#8221;:&#8221;&#8221;,&#8221;editor_content&#8221;:&#8221;CLUB CICLISTA DONES BICIBLES, amb adre\u00e7a social en l&#8217;Av. Sant Blai, n\u00ba 9 de Bocairent prov\u00edncia de Val\u00e8ncia. Inscrita en el registre d&#8217;entitats esportives de la Comunitat Valenciana amb n\u00famero 10130 secci\u00f3 01 i amb llic\u00e8ncia G98891781, afavorida per la RFEC i la FCCV.\\n\\nLa privadesa \u00e9s de gran import\u00e0ncia per a CLUB CICLISTA [&hellip;]<\/p>\n","protected":false},"author":1,"featured_media":0,"parent":0,"menu_order":0,"comment_status":"closed","ping_status":"closed","template":"","meta":{"footnotes":""},"class_list":["post-1888","page","type-page","status-publish","hentry"],"_links":{"self":[{"href":"https:\/\/www.donesbicibles.com\/ca\/wp-json\/wp\/v2\/pages\/1888"}],"collection":[{"href":"https:\/\/www.donesbicibles.com\/ca\/wp-json\/wp\/v2\/pages"}],"about":[{"href":"https:\/\/www.donesbicibles.com\/ca\/wp-json\/wp\/v2\/types\/page"}],"author":[{"embeddable":true,"href":"https:\/\/www.donesbicibles.com\/ca\/wp-json\/wp\/v2\/users\/1"}],"replies":[{"embeddable":true,"href":"https:\/\/www.donesbicibles.com\/ca\/wp-json\/wp\/v2\/comments?post=1888"}],"version-history":[{"count":2,"href":"https:\/\/www.donesbicibles.com\/ca\/wp-json\/wp\/v2\/pages\/1888\/revisions"}],"predecessor-version":[{"id":1890,"href":"https:\/\/www.donesbicibles.com\/ca\/wp-json\/wp\/v2\/pages\/1888\/revisions\/1890"}],"wp:attachment":[{"href":"https:\/\/www.donesbicibles.com\/ca\/wp-json\/wp\/v2\/media?parent=1888"}],"curies":[{"name":"wp","href":"https:\/\/api.w.org\/{rel}","templated":true}]}}